{"id":619,"date":"2021-05-07T14:11:39","date_gmt":"2021-05-07T14:11:39","guid":{"rendered":"https:\/\/www.implantdentairelyon.com\/contact\/"},"modified":"2021-05-27T11:00:40","modified_gmt":"2021-05-27T11:00:40","slug":"contact-us","status":"publish","type":"page","link":"https:\/\/www.implantdentairelyon.com\/en\/contact-us\/","title":{"rendered":"Contact"},"content":{"rendered":"<p>[et_pb_section fb_built=&#8221;1&#8243; admin_label=&#8221;Why Us&#8221; _builder_version=&#8221;3.22&#8243; custom_padding=&#8221;25px|0px|0px|0px|false|false&#8221;][et_pb_row column_structure=&#8221;1_2,1_2&#8243; _builder_version=&#8221;4.9.2&#8243; _module_preset=&#8221;default&#8221;][et_pb_column type=&#8221;1_2&#8243; _builder_version=&#8221;4.9.2&#8243; _module_preset=&#8221;default&#8221;][et_pb_text _builder_version=&#8221;4.9.2&#8243; text_font=&#8221;Montserrat|500|||||||&#8221; text_font_size=&#8221;22px&#8221; text_line_height=&#8221;1.8em&#8221; header_font=&#8221;|700|||||||&#8221; header_text_color=&#8221;#ee7819&#8243; header_line_height=&#8221;1.2em&#8221; header_2_font=&#8221;Montserrat|300|||||||&#8221; header_2_font_size=&#8221;40px&#8221; header_2_line_height=&#8221;1.5em&#8221; max_width=&#8221;600px&#8221; custom_margin=&#8221;||24px|||&#8221; custom_margin_tablet=&#8221;0px|50px||50px&#8221; custom_margin_last_edited=&#8221;off|desktop&#8221; custom_padding=&#8221;|||&#8221; header_2_font_size_tablet=&#8221;&#8221; header_2_font_size_phone=&#8221;30px&#8221; header_2_font_size_last_edited=&#8221;on|phone&#8221;]<\/p>\n<h1>Contact<\/h1>\n<p>[\/et_pb_text][et_pb_text _builder_version=&#8221;4.9.4&#8243; text_font=&#8221;Montserrat|500|||||||&#8221; text_line_height=&#8221;1.5em&#8221; header_font=&#8221;|700|||||||&#8221; header_text_color=&#8221;#ee7819&#8243; header_line_height=&#8221;1.2em&#8221; header_2_font=&#8221;Montserrat|300|||||||&#8221; header_2_font_size=&#8221;40px&#8221; header_2_line_height=&#8221;1.5em&#8221; max_width=&#8221;600px&#8221; custom_margin=&#8221;||24px|||&#8221; custom_margin_tablet=&#8221;0px|50px||50px&#8221; custom_margin_last_edited=&#8221;off|desktop&#8221; custom_padding=&#8221;|||&#8221; hover_enabled=&#8221;0&#8243; header_2_font_size_tablet=&#8221;&#8221; header_2_font_size_phone=&#8221;30px&#8221; header_2_font_size_last_edited=&#8221;on|phone&#8221; sticky_enabled=&#8221;0&#8243;]<\/p>\n<p><strong>If you would like further information, just fill in and submit the following form.<\/strong><br \/>We will reply as quickly as possible.<\/p>\n<p><em>(*Required fields)<\/em><\/p>\n<p><em>Contact information (name and email address), personal information and any medical details contained in your message will be used solely to reply to your inquiry and will not be available to third parties.<\/em><\/p>\n<p><strong>The present website complies with French law regarding the confidentiality of medical information<\/strong><\/p>\n<h3><strong>OUR COORDINATES<\/strong><\/h3>\n<p>46 avenue Condorcet<br \/>69100 Villeurbanne<br \/><strong>Phone . : 04 78 94 20 37<\/strong><\/p>\n<p><span><\/span><\/p>\n<p>[\/et_pb_text][\/et_pb_column][et_pb_column type=&#8221;1_2&#8243; _builder_version=&#8221;4.9.2&#8243; _module_preset=&#8221;default&#8221; background_color=&#8221;#82d0f5&#8243;][et_pb_cta button_url=&#8221;https:\/\/cabinetdentairebayard.com\/wp-content\/uploads\/2017\/11\/conseils-de-brossage.pdf&#8221; _builder_version=&#8221;4.9.4&#8243; _module_preset=&#8221;default&#8221; header_text_color=&#8221;#000000&#8243; body_font=&#8221;|700|||||||&#8221; body_text_color=&#8221;#FFFFFF&#8221; body_line_height=&#8221;1.25em&#8221; background_enable_color=&#8221;off&#8221; custom_button=&#8221;on&#8221; button_text_color=&#8221;#FFFFFF&#8221; custom_padding=&#8221;11px||9px|||&#8221; hover_enabled=&#8221;0&#8243; sticky_enabled=&#8221;0&#8243;]<\/p>\n<div role=\"form\" class=\"wpcf7\" id=\"wpcf7-f405-o1\" lang=\"fr-FR\" dir=\"ltr\">\n<div class=\"screen-reader-response\"><p role=\"status\" aria-live=\"polite\" aria-atomic=\"true\"><\/p> <ul><\/ul><\/div>\n<form action=\"\/en\/wp-json\/wp\/v2\/pages\/619#wpcf7-f405-o1\" method=\"post\" class=\"wpcf7-form init\" novalidate=\"novalidate\" data-status=\"init\">\n<div style=\"display: none;\">\n<input type=\"hidden\" name=\"_wpcf7\" value=\"405\" \/>\n<input type=\"hidden\" name=\"_wpcf7_version\" value=\"5.5.2\" \/>\n<input type=\"hidden\" name=\"_wpcf7_locale\" value=\"fr_FR\" \/>\n<input type=\"hidden\" name=\"_wpcf7_unit_tag\" value=\"wpcf7-f405-o1\" \/>\n<input type=\"hidden\" name=\"_wpcf7_container_post\" value=\"0\" \/>\n<input type=\"hidden\" name=\"_wpcf7_posted_data_hash\" value=\"\" \/>\n<\/div>\n<p><label> Votre nom et pr\u00e9nom<br \/>\n    <span class=\"wpcf7-form-control-wrap your-name\"><input type=\"text\" name=\"your-name\" value=\"\" size=\"40\" class=\"wpcf7-form-control wpcf7-text wpcf7-validates-as-required\" aria-required=\"true\" aria-invalid=\"false\" \/><\/span> <\/label><\/p>\n<p><label> T\u00e9l\u00e9phone<br \/>\n<span class=\"wpcf7-form-control-wrap tel-492\"><input type=\"tel\" name=\"tel-492\" value=\"\" size=\"40\" class=\"wpcf7-form-control wpcf7-text wpcf7-tel wpcf7-validates-as-tel\" aria-invalid=\"false\" \/><\/span><\/label><\/p>\n<p><label> E-mail<br \/>\n    <span class=\"wpcf7-form-control-wrap your-email\"><input type=\"email\" name=\"your-email\" value=\"\" size=\"40\" class=\"wpcf7-form-control wpcf7-text wpcf7-email wpcf7-validates-as-required wpcf7-validates-as-email\" aria-required=\"true\" aria-invalid=\"false\" \/><\/span> <\/label><\/p>\n<p><label> Votre adresse<br \/>\n<span class=\"wpcf7-form-control-wrap textarea-244\"><textarea name=\"textarea-244\" cols=\"40\" rows=\"10\" class=\"wpcf7-form-control wpcf7-textarea\" aria-invalid=\"false\"><\/textarea><\/span> <\/label><\/p>\n<p><label> Votre message<br \/>\n    <span class=\"wpcf7-form-control-wrap your-message\"><textarea name=\"your-message\" cols=\"40\" rows=\"10\" class=\"wpcf7-form-control wpcf7-textarea\" aria-invalid=\"false\"><\/textarea><\/span> <\/label><\/p>\n<p><input type=\"submit\" value=\"Envoyer\" class=\"wpcf7-form-control has-spinner wpcf7-submit\" \/><\/p>\n<div class=\"wpcf7-response-output\" aria-hidden=\"true\"><\/div><\/form><\/div>\n<p>[\/et_pb_cta][\/et_pb_column][\/et_pb_row][\/et_pb_section]<\/p>\n","protected":false},"excerpt":{"rendered":"<p>ContactIf you would like further information, just fill in and submit the following form.We will reply as quickly as possible. (*Required fields) Contact information (name and email address), personal information and any medical details contained in your message will be used solely to reply to your inquiry and will not be available to third parties. [&hellip;]<\/p>\n","protected":false},"author":3,"featured_media":0,"parent":0,"menu_order":0,"comment_status":"closed","ping_status":"closed","template":"","meta":{"_et_pb_use_builder":"on","_et_pb_old_content":"<p><strong>Compl\u00e9tez et retournez-nous ce formulaire pour toute demande d\u2019information ou cliquez sur le lien pour \u00eatre mis directement en relation t\u00e9l\u00e9phonique avec notre \u00e9tablissement.<\/strong><br \/>Nous nous engageons \u00e0 vous contacter dans les plus brefs d\u00e9lais<\/p><p>[contact-form-7 id=\"405\" title=\"contact\"]<\/p><p><em>L\u2019utilisation des informations de contact (nom et adresse e-mail), des informations personnelles ou donn\u00e9es m\u00e9dicales mentionn\u00e9es dans votre message ne seront utilis\u00e9es que pour vous r\u00e9pondre par retour de mail et ne sont pas accessibles \u00e0 des tiers.<\/em><\/p>","_et_gb_content_width":""},"yoast_head":"<!-- This site is optimized with the Yoast SEO plugin v17.6 - https:\/\/yoast.com\/wordpress\/plugins\/seo\/ -->\n<title>Contact Dentist Surgeon Lyon and Villeurbanne, Dr Sassolas<\/title>\n<meta name=\"description\" content=\"Contact our dental center by email at secretariat@cliniquedentairebayard.com or by phone at 04 78 94 20 37, Monday to Friday.\" \/>\n<meta name=\"robots\" content=\"index, follow, max-snippet:-1, max-image-preview:large, max-video-preview:-1\" \/>\n<link rel=\"canonical\" href=\"https:\/\/www.implantdentairelyon.com\/en\/contact-us\/\" \/>\n<meta property=\"og:locale\" content=\"en_US\" \/>\n<meta property=\"og:type\" content=\"article\" \/>\n<meta property=\"og:title\" content=\"Contact Dentist Surgeon Lyon and Villeurbanne, Dr Sassolas\" \/>\n<meta property=\"og:description\" content=\"Contact our dental center by email at secretariat@cliniquedentairebayard.com or by phone at 04 78 94 20 37, Monday to Friday.\" \/>\n<meta property=\"og:url\" content=\"https:\/\/www.implantdentairelyon.com\/en\/contact-us\/\" \/>\n<meta property=\"og:site_name\" content=\"Cabinet Dentaire Bayard\" \/>\n<meta property=\"article:modified_time\" content=\"2021-05-27T11:00:40+00:00\" \/>\n<meta name=\"twitter:card\" content=\"summary_large_image\" \/>\n<meta name=\"twitter:label1\" content=\"Est. reading time\" \/>\n\t<meta name=\"twitter:data1\" content=\"1 minute\" \/>\n<script type=\"application\/ld+json\" class=\"yoast-schema-graph\">{\"@context\":\"https:\/\/schema.org\",\"@graph\":[{\"@type\":\"WebSite\",\"@id\":\"https:\/\/www.implantdentairelyon.com\/#website\",\"url\":\"https:\/\/www.implantdentairelyon.com\/\",\"name\":\"Cabinet Dentaire Bayard\",\"description\":\"\",\"potentialAction\":[{\"@type\":\"SearchAction\",\"target\":{\"@type\":\"EntryPoint\",\"urlTemplate\":\"https:\/\/www.implantdentairelyon.com\/?s={search_term_string}\"},\"query-input\":\"required name=search_term_string\"}],\"inLanguage\":\"en-US\"},{\"@type\":\"WebPage\",\"@id\":\"https:\/\/www.implantdentairelyon.com\/en\/contact-us\/#webpage\",\"url\":\"https:\/\/www.implantdentairelyon.com\/en\/contact-us\/\",\"name\":\"Contact Dentist Surgeon Lyon and Villeurbanne, Dr Sassolas\",\"isPartOf\":{\"@id\":\"https:\/\/www.implantdentairelyon.com\/#website\"},\"datePublished\":\"2021-05-07T14:11:39+00:00\",\"dateModified\":\"2021-05-27T11:00:40+00:00\",\"description\":\"Contact our dental center by email at secretariat@cliniquedentairebayard.com or by phone at 04 78 94 20 37, Monday to Friday.\",\"breadcrumb\":{\"@id\":\"https:\/\/www.implantdentairelyon.com\/en\/contact-us\/#breadcrumb\"},\"inLanguage\":\"en-US\",\"potentialAction\":[{\"@type\":\"ReadAction\",\"target\":[\"https:\/\/www.implantdentairelyon.com\/en\/contact-us\/\"]}]},{\"@type\":\"BreadcrumbList\",\"@id\":\"https:\/\/www.implantdentairelyon.com\/en\/contact-us\/#breadcrumb\",\"itemListElement\":[{\"@type\":\"ListItem\",\"position\":1,\"name\":\"Accueil\",\"item\":\"https:\/\/www.implantdentairelyon.com\/en\/\"},{\"@type\":\"ListItem\",\"position\":2,\"name\":\"Contact\"}]}]}<\/script>\n<!-- \/ Yoast SEO plugin. -->","yoast_head_json":{"title":"Contact Dentist Surgeon Lyon and Villeurbanne, Dr Sassolas","description":"Contact our dental center by email at secretariat@cliniquedentairebayard.com or by phone at 04 78 94 20 37, Monday to Friday.","robots":{"index":"index","follow":"follow","max-snippet":"max-snippet:-1","max-image-preview":"max-image-preview:large","max-video-preview":"max-video-preview:-1"},"canonical":"https:\/\/www.implantdentairelyon.com\/en\/contact-us\/","og_locale":"en_US","og_type":"article","og_title":"Contact Dentist Surgeon Lyon and Villeurbanne, Dr Sassolas","og_description":"Contact our dental center by email at secretariat@cliniquedentairebayard.com or by phone at 04 78 94 20 37, Monday to Friday.","og_url":"https:\/\/www.implantdentairelyon.com\/en\/contact-us\/","og_site_name":"Cabinet Dentaire Bayard","article_modified_time":"2021-05-27T11:00:40+00:00","twitter_card":"summary_large_image","twitter_misc":{"Est. reading time":"1 minute"},"schema":{"@context":"https:\/\/schema.org","@graph":[{"@type":"WebSite","@id":"https:\/\/www.implantdentairelyon.com\/#website","url":"https:\/\/www.implantdentairelyon.com\/","name":"Cabinet Dentaire Bayard","description":"","potentialAction":[{"@type":"SearchAction","target":{"@type":"EntryPoint","urlTemplate":"https:\/\/www.implantdentairelyon.com\/?s={search_term_string}"},"query-input":"required name=search_term_string"}],"inLanguage":"en-US"},{"@type":"WebPage","@id":"https:\/\/www.implantdentairelyon.com\/en\/contact-us\/#webpage","url":"https:\/\/www.implantdentairelyon.com\/en\/contact-us\/","name":"Contact Dentist Surgeon Lyon and Villeurbanne, Dr Sassolas","isPartOf":{"@id":"https:\/\/www.implantdentairelyon.com\/#website"},"datePublished":"2021-05-07T14:11:39+00:00","dateModified":"2021-05-27T11:00:40+00:00","description":"Contact our dental center by email at secretariat@cliniquedentairebayard.com or by phone at 04 78 94 20 37, Monday to Friday.","breadcrumb":{"@id":"https:\/\/www.implantdentairelyon.com\/en\/contact-us\/#breadcrumb"},"inLanguage":"en-US","potentialAction":[{"@type":"ReadAction","target":["https:\/\/www.implantdentairelyon.com\/en\/contact-us\/"]}]},{"@type":"BreadcrumbList","@id":"https:\/\/www.implantdentairelyon.com\/en\/contact-us\/#breadcrumb","itemListElement":[{"@type":"ListItem","position":1,"name":"Accueil","item":"https:\/\/www.implantdentairelyon.com\/en\/"},{"@type":"ListItem","position":2,"name":"Contact"}]}]}},"_links":{"self":[{"href":"https:\/\/www.implantdentairelyon.com\/en\/wp-json\/wp\/v2\/pages\/619"}],"collection":[{"href":"https:\/\/www.implantdentairelyon.com\/en\/wp-json\/wp\/v2\/pages"}],"about":[{"href":"https:\/\/www.implantdentairelyon.com\/en\/wp-json\/wp\/v2\/types\/page"}],"author":[{"embeddable":true,"href":"https:\/\/www.implantdentairelyon.com\/en\/wp-json\/wp\/v2\/users\/3"}],"replies":[{"embeddable":true,"href":"https:\/\/www.implantdentairelyon.com\/en\/wp-json\/wp\/v2\/comments?post=619"}],"version-history":[{"count":2,"href":"https:\/\/www.implantdentairelyon.com\/en\/wp-json\/wp\/v2\/pages\/619\/revisions"}],"predecessor-version":[{"id":622,"href":"https:\/\/www.implantdentairelyon.com\/en\/wp-json\/wp\/v2\/pages\/619\/revisions\/622"}],"wp:attachment":[{"href":"https:\/\/www.implantdentairelyon.com\/en\/wp-json\/wp\/v2\/media?parent=619"}],"curies":[{"name":"wp","href":"https:\/\/api.w.org\/{rel}","templated":true}]}}