{"id":598,"date":"2021-05-07T14:21:33","date_gmt":"2021-05-07T14:21:33","guid":{"rendered":"https:\/\/www.implantdentairelyon.com\/acces-clinique-bayard\/"},"modified":"2021-05-27T10:58:25","modified_gmt":"2021-05-27T10:58:25","slug":"clinic-access","status":"publish","type":"page","link":"https:\/\/www.implantdentairelyon.com\/en\/clinic-access\/","title":{"rendered":"Location of the Bayard Dental Clinic"},"content":{"rendered":"<p>[et_pb_section fb_built=&#8221;1&#8243; admin_label=&#8221;Why Us&#8221; _builder_version=&#8221;3.22&#8243; custom_padding=&#8221;25px|0px|0px|0px|false|false&#8221;][et_pb_row column_structure=&#8221;1_2,1_2&#8243; _builder_version=&#8221;4.9.2&#8243; _module_preset=&#8221;default&#8221;][et_pb_column type=&#8221;1_2&#8243; _builder_version=&#8221;4.9.2&#8243; _module_preset=&#8221;default&#8221;][et_pb_text _builder_version=&#8221;4.9.4&#8243; text_font=&#8221;Montserrat|500|||||||&#8221; text_font_size=&#8221;22px&#8221; text_line_height=&#8221;1.8em&#8221; header_font=&#8221;|700|||||||&#8221; header_text_color=&#8221;#ee7819&#8243; header_line_height=&#8221;1.2em&#8221; header_2_font=&#8221;Montserrat|300|||||||&#8221; header_2_font_size=&#8221;40px&#8221; header_2_line_height=&#8221;1.5em&#8221; max_width=&#8221;600px&#8221; custom_margin=&#8221;||24px|||&#8221; custom_margin_tablet=&#8221;0px|50px||50px&#8221; custom_margin_last_edited=&#8221;off|desktop&#8221; custom_padding=&#8221;|||&#8221; header_2_font_size_tablet=&#8221;&#8221; header_2_font_size_phone=&#8221;30px&#8221; header_2_font_size_last_edited=&#8221;on|phone&#8221;]<\/p>\n<h1>Location of the Bayard Dental Clinic<\/h1>\n<p>[\/et_pb_text][et_pb_text _builder_version=&#8221;4.9.4&#8243; text_font=&#8221;Montserrat|500|||||||&#8221; text_line_height=&#8221;1.5em&#8221; header_font=&#8221;|700|||||||&#8221; header_text_color=&#8221;#ee7819&#8243; header_line_height=&#8221;1.2em&#8221; header_2_font=&#8221;Montserrat|300|||||||&#8221; header_2_font_size=&#8221;40px&#8221; header_2_line_height=&#8221;1.5em&#8221; max_width=&#8221;600px&#8221; custom_margin=&#8221;||24px|||&#8221; custom_margin_tablet=&#8221;0px|50px||50px&#8221; custom_margin_last_edited=&#8221;off|desktop&#8221; custom_padding=&#8221;|||&#8221; header_2_font_size_tablet=&#8221;&#8221; header_2_font_size_phone=&#8221;30px&#8221; header_2_font_size_last_edited=&#8221;on|phone&#8221;]<\/p>\n<p><strong>HOW TO GET HERE<\/strong><\/p>\n<p><strong>By car:<\/strong><br \/>Northern ring road<br \/>Tonkin\/Cit\u00e9 Internationale exit<br \/>Follow signs to Centre de Sant\u00e9 Bayard<\/p>\n<p><strong>By V\u00e9lo\u2019V:<\/strong><br \/>(10007) Corner of Ave Piaton\/Ave Condorcet<br \/>(10072) Rue Jacques Brel<br \/>(10055) Corner of Rue Galline\/Rue Condorcet<\/p>\n<p><strong>Public transport:<\/strong><br \/>Tramway T1 to Tonkin or Condorcet<br \/>Metro line A or B to Charpennes<\/p>\n<p>[\/et_pb_text][\/et_pb_column][et_pb_column type=&#8221;1_2&#8243; _builder_version=&#8221;4.9.2&#8243; _module_preset=&#8221;default&#8221; background_color=&#8221;#82d0f5&#8243;][et_pb_code _builder_version=&#8221;4.9.2&#8243; _module_preset=&#8221;default&#8221; custom_margin=&#8221;||||false|false&#8221; custom_padding=&#8221;10px|10px|10px|10px|false|false&#8221;]<iframe src=\"https:\/\/maps.google.fr\/maps?oe=utf-8&#038;client=firefox-a&#038;channel=fflb&#038;q=46+avenue+Condorcet69100+Villeurbanne&#038;ie=UTF8&#038;hq=&#038;hnear=46+Avenue+Condorcet,+69100+Villeurbanne,+Rh%C3%B4ne,+Rh%C3%B4ne-Alpes&#038;gl=fr&#038;t=m&#038;ll=45.782429,4.86866&#038;spn=0.02095,0.036564&#038;z=14&#038;iwloc=A&#038;output=embed\" width=\"100%\" height=\"300\" frameborder=\"0\" marginwidth=\"0\" marginheight=\"0\" scrolling=\"no\" data-rocket-lazyload=\"fitvidscompatible\" data-lazy-src=\"https:\/\/maps.google.fr\/maps?oe=utf-8&#038;client=firefox-a&#038;channel=fflb&#038;q=46+avenue+Condorcet69100+Villeurbanne&#038;ie=UTF8&#038;hq=&#038;hnear=46+Avenue+Condorcet,+69100+Villeurbanne,+Rh%C3%B4ne,+Rh%C3%B4ne-Alpes&#038;gl=fr&#038;t=m&#038;ll=45.782429,4.86866&#038;spn=0.02095,0.036564&#038;z=14&#038;iwloc=A&#038;output=embed\" class=\"lazyloaded\" data-was-processed=\"true\"><\/iframe>[\/et_pb_code][\/et_pb_column][\/et_pb_row][\/et_pb_section]<\/p>\n","protected":false},"excerpt":{"rendered":"<p>Location of the Bayard Dental ClinicHOW TO GET HERE By car:Northern ring roadTonkin\/Cit\u00e9 Internationale exitFollow signs to Centre de Sant\u00e9 Bayard By V\u00e9lo\u2019V:(10007) Corner of Ave Piaton\/Ave Condorcet(10072) Rue Jacques Brel(10055) Corner of Rue Galline\/Rue Condorcet Public transport:Tramway T1 to Tonkin or CondorcetMetro line A or B to Charpennes<\/p>\n","protected":false},"author":3,"featured_media":0,"parent":0,"menu_order":0,"comment_status":"closed","ping_status":"closed","template":"","meta":{"_et_pb_use_builder":"on","_et_pb_old_content":"<p><strong>Compl\u00e9tez et retournez-nous ce formulaire pour toute demande d\u2019information ou cliquez sur le lien pour \u00eatre mis directement en relation t\u00e9l\u00e9phonique avec notre \u00e9tablissement.<\/strong><br \/>Nous nous engageons \u00e0 vous contacter dans les plus brefs d\u00e9lais<\/p><p>[contact-form-7 id=\"405\" title=\"contact\"]<\/p><p><em>L\u2019utilisation des informations de contact (nom et adresse e-mail), des informations personnelles ou donn\u00e9es m\u00e9dicales mentionn\u00e9es dans votre message ne seront utilis\u00e9es que pour vous r\u00e9pondre par retour de mail et ne sont pas accessibles \u00e0 des tiers.<\/em><\/p>","_et_gb_content_width":""},"yoast_head":"<!-- This site is optimized with the Yoast SEO plugin v17.6 - https:\/\/yoast.com\/wordpress\/plugins\/seo\/ -->\n<title>Clinique dentaire Bayard Lyon Villeurbanne : implant dentaire, proth\u00e8se dentaire, dentiste Lyon<\/title>\n<meta name=\"description\" content=\"Acc\u00e9dez facilement \u00e0 la Clinique Dentaire Bayard situ\u00e9e au 46 avenue Condorcet 69100 Villeurbanne : \u00e0 pied, en v\u00e9lo, en voiture ou en transports en commun.\" \/>\n<meta name=\"robots\" content=\"index, follow, max-snippet:-1, max-image-preview:large, max-video-preview:-1\" \/>\n<link rel=\"canonical\" href=\"https:\/\/www.implantdentairelyon.com\/en\/clinic-access\/\" \/>\n<meta property=\"og:locale\" content=\"en_US\" \/>\n<meta property=\"og:type\" content=\"article\" \/>\n<meta property=\"og:title\" content=\"Clinique dentaire Bayard Lyon Villeurbanne : implant dentaire, proth\u00e8se dentaire, dentiste Lyon\" \/>\n<meta property=\"og:description\" content=\"Acc\u00e9dez facilement \u00e0 la Clinique Dentaire Bayard situ\u00e9e au 46 avenue Condorcet 69100 Villeurbanne : \u00e0 pied, en v\u00e9lo, en voiture ou en transports en commun.\" \/>\n<meta property=\"og:url\" content=\"https:\/\/www.implantdentairelyon.com\/en\/clinic-access\/\" \/>\n<meta property=\"og:site_name\" content=\"Cabinet Dentaire Bayard\" \/>\n<meta property=\"article:modified_time\" content=\"2021-05-27T10:58:25+00:00\" \/>\n<meta name=\"twitter:card\" content=\"summary_large_image\" \/>\n<meta name=\"twitter:label1\" content=\"Est. reading time\" \/>\n\t<meta name=\"twitter:data1\" content=\"1 minute\" \/>\n<script type=\"application\/ld+json\" class=\"yoast-schema-graph\">{\"@context\":\"https:\/\/schema.org\",\"@graph\":[{\"@type\":\"WebSite\",\"@id\":\"https:\/\/www.implantdentairelyon.com\/#website\",\"url\":\"https:\/\/www.implantdentairelyon.com\/\",\"name\":\"Cabinet Dentaire Bayard\",\"description\":\"\",\"potentialAction\":[{\"@type\":\"SearchAction\",\"target\":{\"@type\":\"EntryPoint\",\"urlTemplate\":\"https:\/\/www.implantdentairelyon.com\/?s={search_term_string}\"},\"query-input\":\"required name=search_term_string\"}],\"inLanguage\":\"en-US\"},{\"@type\":\"WebPage\",\"@id\":\"https:\/\/www.implantdentairelyon.com\/en\/clinic-access\/#webpage\",\"url\":\"https:\/\/www.implantdentairelyon.com\/en\/clinic-access\/\",\"name\":\"Clinique dentaire Bayard Lyon Villeurbanne : implant dentaire, proth\\u00e8se dentaire, dentiste Lyon\",\"isPartOf\":{\"@id\":\"https:\/\/www.implantdentairelyon.com\/#website\"},\"datePublished\":\"2021-05-07T14:21:33+00:00\",\"dateModified\":\"2021-05-27T10:58:25+00:00\",\"description\":\"Acc\\u00e9dez facilement \\u00e0 la Clinique Dentaire Bayard situ\\u00e9e au 46 avenue Condorcet 69100 Villeurbanne : \\u00e0 pied, en v\\u00e9lo, en voiture ou en transports en commun.\",\"breadcrumb\":{\"@id\":\"https:\/\/www.implantdentairelyon.com\/en\/clinic-access\/#breadcrumb\"},\"inLanguage\":\"en-US\",\"potentialAction\":[{\"@type\":\"ReadAction\",\"target\":[\"https:\/\/www.implantdentairelyon.com\/en\/clinic-access\/\"]}]},{\"@type\":\"BreadcrumbList\",\"@id\":\"https:\/\/www.implantdentairelyon.com\/en\/clinic-access\/#breadcrumb\",\"itemListElement\":[{\"@type\":\"ListItem\",\"position\":1,\"name\":\"Accueil\",\"item\":\"https:\/\/www.implantdentairelyon.com\/en\/\"},{\"@type\":\"ListItem\",\"position\":2,\"name\":\"Location of the Bayard Dental Clinic\"}]}]}<\/script>\n<!-- \/ Yoast SEO plugin. -->","yoast_head_json":{"title":"Clinique dentaire Bayard Lyon Villeurbanne : implant dentaire, proth\u00e8se dentaire, dentiste Lyon","description":"Acc\u00e9dez facilement \u00e0 la Clinique Dentaire Bayard situ\u00e9e au 46 avenue Condorcet 69100 Villeurbanne : \u00e0 pied, en v\u00e9lo, en voiture ou en transports en commun.","robots":{"index":"index","follow":"follow","max-snippet":"max-snippet:-1","max-image-preview":"max-image-preview:large","max-video-preview":"max-video-preview:-1"},"canonical":"https:\/\/www.implantdentairelyon.com\/en\/clinic-access\/","og_locale":"en_US","og_type":"article","og_title":"Clinique dentaire Bayard Lyon Villeurbanne : implant dentaire, proth\u00e8se dentaire, dentiste Lyon","og_description":"Acc\u00e9dez facilement \u00e0 la Clinique Dentaire Bayard situ\u00e9e au 46 avenue Condorcet 69100 Villeurbanne : \u00e0 pied, en v\u00e9lo, en voiture ou en transports en commun.","og_url":"https:\/\/www.implantdentairelyon.com\/en\/clinic-access\/","og_site_name":"Cabinet Dentaire Bayard","article_modified_time":"2021-05-27T10:58:25+00:00","twitter_card":"summary_large_image","twitter_misc":{"Est. reading time":"1 minute"},"schema":{"@context":"https:\/\/schema.org","@graph":[{"@type":"WebSite","@id":"https:\/\/www.implantdentairelyon.com\/#website","url":"https:\/\/www.implantdentairelyon.com\/","name":"Cabinet Dentaire Bayard","description":"","potentialAction":[{"@type":"SearchAction","target":{"@type":"EntryPoint","urlTemplate":"https:\/\/www.implantdentairelyon.com\/?s={search_term_string}"},"query-input":"required name=search_term_string"}],"inLanguage":"en-US"},{"@type":"WebPage","@id":"https:\/\/www.implantdentairelyon.com\/en\/clinic-access\/#webpage","url":"https:\/\/www.implantdentairelyon.com\/en\/clinic-access\/","name":"Clinique dentaire Bayard Lyon Villeurbanne : implant dentaire, proth\u00e8se dentaire, dentiste Lyon","isPartOf":{"@id":"https:\/\/www.implantdentairelyon.com\/#website"},"datePublished":"2021-05-07T14:21:33+00:00","dateModified":"2021-05-27T10:58:25+00:00","description":"Acc\u00e9dez facilement \u00e0 la Clinique Dentaire Bayard situ\u00e9e au 46 avenue Condorcet 69100 Villeurbanne : \u00e0 pied, en v\u00e9lo, en voiture ou en transports en commun.","breadcrumb":{"@id":"https:\/\/www.implantdentairelyon.com\/en\/clinic-access\/#breadcrumb"},"inLanguage":"en-US","potentialAction":[{"@type":"ReadAction","target":["https:\/\/www.implantdentairelyon.com\/en\/clinic-access\/"]}]},{"@type":"BreadcrumbList","@id":"https:\/\/www.implantdentairelyon.com\/en\/clinic-access\/#breadcrumb","itemListElement":[{"@type":"ListItem","position":1,"name":"Accueil","item":"https:\/\/www.implantdentairelyon.com\/en\/"},{"@type":"ListItem","position":2,"name":"Location of the Bayard Dental Clinic"}]}]}},"_links":{"self":[{"href":"https:\/\/www.implantdentairelyon.com\/en\/wp-json\/wp\/v2\/pages\/598"}],"collection":[{"href":"https:\/\/www.implantdentairelyon.com\/en\/wp-json\/wp\/v2\/pages"}],"about":[{"href":"https:\/\/www.implantdentairelyon.com\/en\/wp-json\/wp\/v2\/types\/page"}],"author":[{"embeddable":true,"href":"https:\/\/www.implantdentairelyon.com\/en\/wp-json\/wp\/v2\/users\/3"}],"replies":[{"embeddable":true,"href":"https:\/\/www.implantdentairelyon.com\/en\/wp-json\/wp\/v2\/comments?post=598"}],"version-history":[{"count":4,"href":"https:\/\/www.implantdentairelyon.com\/en\/wp-json\/wp\/v2\/pages\/598\/revisions"}],"predecessor-version":[{"id":618,"href":"https:\/\/www.implantdentairelyon.com\/en\/wp-json\/wp\/v2\/pages\/598\/revisions\/618"}],"wp:attachment":[{"href":"https:\/\/www.implantdentairelyon.com\/en\/wp-json\/wp\/v2\/media?parent=598"}],"curies":[{"name":"wp","href":"https:\/\/api.w.org\/{rel}","templated":true}]}}